{"id":731,"date":"2025-01-10T15:15:52","date_gmt":"2025-01-10T14:15:52","guid":{"rendered":"https:\/\/parta-jeu.fr\/?page_id=731"},"modified":"2026-02-04T09:49:11","modified_gmt":"2026-02-04T08:49:11","slug":"mythic-battles-pantheon","status":"publish","type":"page","link":"https:\/\/parta-jeu.fr\/?page_id=731","title":{"rendered":"Mythic Battles Isfet"},"content":{"rendered":"\n<p>L&rsquo;association \u201cParta\u2019jeu\u201d organise un tournoi amical de <strong><a href=\"https:\/\/the-overlord.com\/index.php?\/forum\/48-mythic-battles-univers\/\">Mythic Battles<\/a> Isfet <\/strong>en 2 vs 2 avec draft au d\u00e9but de chaque manche dans un pool. Le tournoi se d\u00e9roulera lors de la journ\u00e9e jeu, du 15 f\u00e9vrier 2026 qui se tiendra dans la Halle aux grains \u00e0 VERFEIL 31590.<\/p>\n\n\n\n<figure class=\"wp-block-image aligncenter size-large\"><img loading=\"lazy\" decoding=\"async\" width=\"683\" height=\"1024\" src=\"https:\/\/parta-jeu.fr\/wp-content\/uploads\/2026\/02\/IMG-20260202-WA0004-683x1024.jpg\" alt=\"\" class=\"wp-image-829\" srcset=\"https:\/\/parta-jeu.fr\/wp-content\/uploads\/2026\/02\/IMG-20260202-WA0004-683x1024.jpg 683w, https:\/\/parta-jeu.fr\/wp-content\/uploads\/2026\/02\/IMG-20260202-WA0004-200x300.jpg 200w, https:\/\/parta-jeu.fr\/wp-content\/uploads\/2026\/02\/IMG-20260202-WA0004-768x1152.jpg 768w, https:\/\/parta-jeu.fr\/wp-content\/uploads\/2026\/02\/IMG-20260202-WA0004.jpg 1024w\" sizes=\"(max-width: 683px) 100vw, 683px\" \/><\/figure>\n\n\n<\/p>\n\n\n<p><strong>Nombre de places :<\/strong> 8 \u00e9quipes de 2 joueurs (donc 16 participants, si vous \u00eates seul n&rsquo;h\u00e9sitez pas \u00e0 vous inscrire on vous trouvera un co\u00e9quipier)<\/p>\n\n\n<\/p>\n\n\n<p><strong>Il est n\u00e9cessaire de conna\u00eetre les r\u00e8gles (disponibles sur le site Overlori.com ici<\/strong> <a href=\"https:\/\/the-overlord.com\/index.php?\/files\/file\/157-livret-de-r%C3%A8gles-mythic-battles-panth%C3%A9on-15\/\">https:\/\/the-overlord.com\/index.php?\/files\/file\/157-livret-de-r%C3%A8gles-mythic-battles-panth%C3%A9on-15\/<\/a>)<\/p>\n\n\n<\/p>\n\n\n<p><strong>Frais d\u2019inscription : <\/strong>3\u20ac<br>\n<strong>Lots : <\/strong>Bon d\u2019achat \u00e0 la boutique Sabretache<br>\n<strong>PAS DE REPAS FOURNIS : <\/strong>Frigo mis a disposition dans la salle. Pizzeria ouverte le dimanche \u201c Chez Fernande \u201d<\/p>\n\n\n<\/p>\n\n\n<p><strong>Inscriptions : <\/strong>envoyer un mail \u00e0 : ludotheque@parta-jeu.fr<br>\nAvec le nom de l\u2019\u00e9quipe et le nom des joueurs.<br>\nTel : 05 61 35 64 19<\/p>\n\n\n<\/p>\n\n\n<p>Le tournoi se d\u00e9roulera en 3 manches suisse et d\u00e9butera dimanche 15\/02 \u00e0 10h (fin estim\u00e9e vers 18h). Il y aura 4 pools de draft (que je posterai ult\u00e9rieurement).<\/p>\n\n\n<\/p>\n\n\n<p><strong>R\u00e8gles du tournoi :<\/strong><\/p>\n\n\n\n<p><em><u>Temps de jeu<\/u><\/em><br><br>\nLes rondes durent 1h30 draft inclus (dur\u00e9e du draft au maximum 15min). L\u2019organisation fera savoir qu\u2019il reste seulement 15 minutes avant la fin du temps r\u00e8glementaire. Puis au bout des 1h30, l\u2019organisation annonce la fin du temps r\u00e8glementaire. Les joueurs terminent alors le tour en cours, jusqu\u2019au dernier joueur. Chaque joueur doit avoir fait le m\u00eame nombre de tours \u00e0 l\u2019issue de la ronde si la partie va jusqu\u2019au Time limit.<\/p>\n\n\n<\/p>\n\n\n<p><em><u>D\u00e9but de partie<\/u><\/em><br><br>\nL&rsquo;\u00e9quipe qui gagne le tirage au sort d\u00e9termine l&rsquo;ordre des joueurs. Une \u00e9quipe aura le 1er et le 3\u00e9me joueur, l&rsquo;autre \u00e9quipe le 2nd et le 4\u00e9me joueur. Puis le choix des num\u00e9ros de joueurs se d\u00e9cide en interne dans chaque \u00e9quipe. L&rsquo;\u00e9quipe disposant du 2\u00e8me et du 4\u00e9me joueur pourra choisir le c\u00f4t\u00e9 de la map o\u00f9 ses unit\u00e9s se d\u00e9ploieront. Le draft se d\u00e9roulera comme indiqu\u00e9 dans le livret de r\u00e8gle de MBP.<\/p>\n\n\n<\/p>\n\n\n<p><em><u>Victoire et points<\/u><\/em><br><br>\nLa partie s&rsquo;arr\u00eate imm\u00e9diatement par la victoire d\u2019une \u00e9quipe qui absorbe 4 pierres divines ou tue un dieu adverse.<br>\nSi aucune de ces 2 conditions n&rsquo;est remplie \u00e0 l&rsquo;issue du temps imparti (on fini le tour en cours), on compare alors les Points de Parties pour d\u00e9terminer le vainqueur de la ronde.<br>\nLes Points de Partie (PP) : PP = 2x(Nombre de pierres divines absorb\u00e9es) + (points de vie perdus par les dieux adverses)\/2<br>\nLes Points de Victoire (PV) :<br>\nVictoire : 3 PV (4 pierres divines absorb\u00e9es\/ 1 dieu adverse tu\u00e9 \/ max PP si partie en Time Limit)<br>\nMatch Nul : 1 PV pour chaque \u00e9quipe (en cas d\u2019\u00e9galit\u00e9 de PP si partie en Time Limit)<br>\nD\u00e9faite : 0 PV<br>\nL&rsquo;attribution des tables lors de la premi\u00e8re ronde se fera au hasard puis pour les manches ult\u00e9rieures on appareillera les \u00e9quipes avec leur PV.<\/p>\n\n\n<\/p>\n\n\n<p>Pour toutes questions ou pr\u00e9cisions envoyez un mail \u00e0 : <a href=\"mailto:guillaume.parta_jeu@yahoo.com\">guillaume.parta_jeu@yahoo.com<\/a><\/p>\n","protected":false},"excerpt":{"rendered":"<p>L&rsquo;association \u201cParta\u2019jeu\u201d organise un tournoi amical de Mythic Battles Isfet en 2 vs 2 avec draft au d\u00e9but de chaque manche dans un pool. Le tournoi se d\u00e9roulera lors de [&hellip;]<\/p>\n","protected":false},"author":6,"featured_media":0,"parent":0,"menu_order":0,"comment_status":"closed","ping_status":"closed","template":"","meta":{"footnotes":""},"class_list":["post-731","page","type-page","status-publish","hentry"],"_links":{"self":[{"href":"https:\/\/parta-jeu.fr\/index.php?rest_route=\/wp\/v2\/pages\/731"}],"collection":[{"href":"https:\/\/parta-jeu.fr\/index.php?rest_route=\/wp\/v2\/pages"}],"about":[{"href":"https:\/\/parta-jeu.fr\/index.php?rest_route=\/wp\/v2\/types\/page"}],"author":[{"embeddable":true,"href":"https:\/\/parta-jeu.fr\/index.php?rest_route=\/wp\/v2\/users\/6"}],"replies":[{"embeddable":true,"href":"https:\/\/parta-jeu.fr\/index.php?rest_route=%2Fwp%2Fv2%2Fcomments&post=731"}],"version-history":[{"count":18,"href":"https:\/\/parta-jeu.fr\/index.php?rest_route=\/wp\/v2\/pages\/731\/revisions"}],"predecessor-version":[{"id":831,"href":"https:\/\/parta-jeu.fr\/index.php?rest_route=\/wp\/v2\/pages\/731\/revisions\/831"}],"wp:attachment":[{"href":"https:\/\/parta-jeu.fr\/index.php?rest_route=%2Fwp%2Fv2%2Fmedia&parent=731"}],"curies":[{"name":"wp","href":"https:\/\/api.w.org\/{rel}","templated":true}]}}