{"id":63,"date":"2019-10-03T09:56:51","date_gmt":"2019-10-03T07:56:51","guid":{"rendered":"http:\/\/parta-jeu.fr\/?page_id=63"},"modified":"2026-02-04T09:43:15","modified_gmt":"2026-02-04T08:43:15","slug":"lassociation","status":"publish","type":"page","link":"https:\/\/parta-jeu.fr\/?page_id=63","title":{"rendered":"L&rsquo;Association"},"content":{"rendered":"\n<h3 class=\"wp-block-heading has-text-align-center\" id=\"activites-ludiques-ouvertes-a-tous-dans-la-joie-et-la-bonne-humeur\">Activit\u00e9s ludiques ouvertes \u00e0 tous dans la joie et la bonne humeur ! <\/h3>\n\n\n\n<!--more-->\n\n\n\n<div class=\"wp-block-media-text alignwide\"><figure class=\"wp-block-media-text__media\"><img loading=\"lazy\" decoding=\"async\" width=\"688\" height=\"512\" src=\"https:\/\/parta-jeu.fr\/wp-content\/uploads\/2019\/10\/logo_PartaJeu_512.png\" alt=\"Log Parta'Jeu\" class=\"wp-image-10 size-full\" srcset=\"https:\/\/parta-jeu.fr\/wp-content\/uploads\/2019\/10\/logo_PartaJeu_512.png 688w, https:\/\/parta-jeu.fr\/wp-content\/uploads\/2019\/10\/logo_PartaJeu_512-600x447.png 600w, https:\/\/parta-jeu.fr\/wp-content\/uploads\/2019\/10\/logo_PartaJeu_512-300x223.png 300w\" sizes=\"(max-width: 688px) 100vw, 688px\" \/><\/figure><div class=\"wp-block-media-text__content\">\n<p class=\"has-drop-cap\">L&rsquo;association <em>Parta&rsquo;Jeu <\/em>:<strong> le Jeu pour tous<\/strong>, du jouet au jeu de soci\u00e9t\u00e9 en passant par le jeu de r\u00f4le\u2026 L&rsquo;id\u00e9e est de faire d\u00e9couvrir le patrimoine culturel ludique pour tous les publics (enfants, adultes, familles\u2026). Bas\u00e9e \u00e0 Verfeil (31) sur les coteaux du Girou, notre association a pour but d\u2019offrir un espace favorisant une dynamique sociale locale (rencontre, \u00e9change et partage) ; et de contribuer ainsi au bien-\u00eatre personnel et familial.<\/p>\n\n\n\n<p>Le bureau : (association <i class=\"fas fa-at\"><\/i> parta-jeu.fr)<\/p>\n\n\n\n<ul class=\"wp-block-list\">\n<li>Caroline B (Pr\u00e9sidente)<\/li>\n\n\n\n<li>Christophe R (Tr\u00e9sorier)<\/li>\n\n\n\n<li>Guillaume D<\/li>\n\n\n\n<li>Fr\u00e9d\u00e9ric Z<\/li>\n<\/ul>\n<\/div><\/div>\n\n\n\n<div style=\"height:30px\" aria-hidden=\"true\" class=\"wp-block-spacer\"><\/div>\n\n\n\n<p class=\"has-very-light-gray-background-color has-background\"><em>Parta&rsquo;Jeu<\/em> entend promouvoir le jeu et les activit\u00e9s de loisirs comme m\u00e9diateurs culturels, sociaux et \u00e9ducatifs.<br>Pour cela elle dispose  d&rsquo;un outil de merveilleux : <em>La Ludoth\u00e8que<\/em>. <\/p>\n\n\n\n<div style=\"height:33px\" aria-hidden=\"true\" class=\"wp-block-spacer\"><\/div>\n\n\n\n<hr class=\"wp-block-separator has-alpha-channel-opacity\"\/>\n\n\n\n<div style=\"height:33px\" aria-hidden=\"true\" class=\"wp-block-spacer\"><\/div>\n\n\n\n<div class=\"wp-block-media-text alignwide has-media-on-the-right\"><div class=\"wp-block-media-text__content\">\n<p class=\"has-drop-cap\"><em>La Ludoth\u00e8que<\/em> a pour principal objectif de cr\u00e9er une espace (un lieu et des moments) favorisant la pratique du jeu libre. Celle-ci s\u2019attache \u00e0 assurer une diversit\u00e9 de jeux et jouets propos\u00e9s et mis \u00e0 disposition.<\/p>\n\n\n\n<p>La ludoth\u00e9caire, Sakina : <\/p>\n\n\n\n<ul class=\"wp-block-list\">\n<li>ludotheque <i class=\"fas fa-at\"><\/i> parta-jeu.fr<\/li>\n\n\n\n<li>05 61 35 64 19<\/li>\n<\/ul>\n\n\n\n<p><\/p>\n<\/div><figure class=\"wp-block-media-text__media\"><img loading=\"lazy\" decoding=\"async\" width=\"512\" height=\"219\" src=\"https:\/\/parta-jeu.fr\/wp-content\/uploads\/2019\/10\/LaLudotheque_512.png\" alt=\"\" class=\"wp-image-25 size-full\" srcset=\"https:\/\/parta-jeu.fr\/wp-content\/uploads\/2019\/10\/LaLudotheque_512.png 512w, https:\/\/parta-jeu.fr\/wp-content\/uploads\/2019\/10\/LaLudotheque_512-300x128.png 300w\" sizes=\"(max-width: 512px) 100vw, 512px\" \/><\/figure><\/div>\n\n\n\n<p class=\"has-text-align-center has-luminous-vivid-amber-color has-text-color has-large-font-size\">1A, Avenue des Ecoles &#8211; 31590 Verfeil<\/p>\n\n\n\n<p class=\"has-very-light-gray-background-color has-background\">Le r\u00f4le \u00e9ducatif :<br><em>La Ludoth\u00e8que<\/em> est un lieu propice \u00e0 l\u2019apprentissage de la responsabilisation, de l\u2019autonomie, de la r\u00e8gle. Elle propose des espaces riches et vari\u00e9s stimulant l\u2019imaginaire.<br><br>Le r\u00f4le social :<br><em>La Ludoth\u00e8que<\/em> donne au public l\u2019acc\u00e8s \u00e0 un m\u00e9dia culturel souvent on\u00e9reux. Elles offrent aux individus de toutes cat\u00e9gories sociales et de tous milieux les m\u00eames chances de s\u2019\u00e9panouir par le jeu.<br>La cr\u00e9ation de l\u2019espace, le lieu et les moments, est un vecteur fort de cr\u00e9ation et renforcement du lien.<br><br>Le r\u00f4le interg\u00e9n\u00e9rationnel et int\u00e9grateur de diversit\u00e9 :<br>Le jeu est un objet de m\u00e9diation, il permet de communiquer, il met en interaction des individus de tous \u00e2ges et de toutes cultures et handicaps. Elle propose un lieu propice \u00e0 ces rencontres. <\/p>\n\n\n\n<div style=\"height:33px\" aria-hidden=\"true\" class=\"wp-block-spacer\"><\/div>\n\n\n\n<div class=\"wp-block-columns is-layout-flex wp-container-core-columns-is-layout-1 wp-block-columns-is-layout-flex\">\n<div class=\"wp-block-column is-layout-flow wp-block-column-is-layout-flow\" style=\"flex-basis:33.33%\">\n<figure class=\"wp-block-image aligncenter size-full\"><img loading=\"lazy\" decoding=\"async\" width=\"150\" height=\"242\" src=\"https:\/\/parta-jeu.fr\/wp-content\/uploads\/2023\/06\/Logo_CAF.png\" alt=\"\" class=\"wp-image-663\"\/><\/figure>\n<\/div>\n\n\n\n<div class=\"wp-block-column is-layout-flow wp-block-column-is-layout-flow\" style=\"flex-basis:66.66%\">\n<figure class=\"wp-block-image aligncenter size-medium\"><img loading=\"lazy\" decoding=\"async\" width=\"300\" height=\"73\" src=\"https:\/\/parta-jeu.fr\/wp-content\/uploads\/2023\/06\/Logo_VVerfeil-300x73.png\" alt=\"\" class=\"wp-image-665\" srcset=\"https:\/\/parta-jeu.fr\/wp-content\/uploads\/2023\/06\/Logo_VVerfeil-300x73.png 300w, https:\/\/parta-jeu.fr\/wp-content\/uploads\/2023\/06\/Logo_VVerfeil-768x188.png 768w, https:\/\/parta-jeu.fr\/wp-content\/uploads\/2023\/06\/Logo_VVerfeil.png 819w\" sizes=\"(max-width: 300px) 100vw, 300px\" \/><\/figure>\n\n\n\n<div style=\"height:10px\" aria-hidden=\"true\" class=\"wp-block-spacer\"><\/div>\n\n\n\n<p><em>La Ludoth\u00e8que <\/em>n&rsquo;existe que par le soutient technique et financier de la Caf de la Haute-Garonne et de la Municipalit\u00e9 de Verfeil avec lesquelles l&rsquo;association <em>Parta&rsquo;Jeu<\/em> a sign\u00e9 des conventions d&rsquo;objectifs.<\/p>\n\n\n\n<p>Merci beaucoup !<\/p>\n<\/div>\n<\/div>\n\n\n\n<div style=\"height:33px\" aria-hidden=\"true\" class=\"wp-block-spacer\"><\/div>\n\n\n\n<hr class=\"wp-block-separator has-alpha-channel-opacity\"\/>\n\n\n\n<div style=\"height:33px\" aria-hidden=\"true\" class=\"wp-block-spacer\"><\/div>\n\n\n\n<p>Les documents de r\u00e9f\u00e9rence de l&rsquo;Association <em>Parta&rsquo;Jeu<\/em> :<\/p>\n\n\n\n<div class=\"wp-block-file\"><a id=\"wp-block-file--media-e9dcffb0-2086-4026-9e79-7db0ee82c788\" href=\"https:\/\/parta-jeu.fr\/wp-content\/uploads\/2022\/02\/PartaJeu_Statuts_Fevrier_2022_1.00.pdf\">Parta&rsquo;Jeu &#8211; Statuts F\u00e9vrier 2022<\/a><a href=\"https:\/\/parta-jeu.fr\/wp-content\/uploads\/2022\/02\/PartaJeu_Statuts_Fevrier_2022_1.00.pdf\" class=\"wp-block-file__button wp-element-button\" download aria-describedby=\"wp-block-file--media-e9dcffb0-2086-4026-9e79-7db0ee82c788\">T\u00e9l\u00e9charger<\/a><\/div>\n\n\n\n<div class=\"wp-block-file\"><a id=\"wp-block-file--media-992ef0e0-0dcf-42ff-a22a-b96e944b1b6b\" href=\"https:\/\/parta-jeu.fr\/wp-content\/uploads\/2022\/04\/Reglement-Interieur-PartaJeu-Mars-2022.pdf\">Parta&rsquo;Jeu &#8211; R\u00e8glement Int\u00e9rieur Mars 2022<\/a><a href=\"https:\/\/parta-jeu.fr\/wp-content\/uploads\/2022\/04\/Reglement-Interieur-PartaJeu-Mars-2022.pdf\" class=\"wp-block-file__button wp-element-button\" download aria-describedby=\"wp-block-file--media-992ef0e0-0dcf-42ff-a22a-b96e944b1b6b\">T\u00e9l\u00e9charger<\/a><\/div>\n\n\n\n<div class=\"wp-block-file\"><a id=\"wp-block-file--media-1d84ecbb-18a6-488b-870e-e662263d1e78\" href=\"https:\/\/parta-jeu.fr\/wp-content\/uploads\/2020\/08\/PartaJeu_Bulletin_Adhesion_PartaJeu.pdf\">Parta&rsquo;Jeu &#8211; Bulletin d&rsquo;Adh\u00e9sion<\/a><a href=\"https:\/\/parta-jeu.fr\/wp-content\/uploads\/2020\/08\/PartaJeu_Bulletin_Adhesion_PartaJeu.pdf\" class=\"wp-block-file__button wp-element-button\" download aria-describedby=\"wp-block-file--media-1d84ecbb-18a6-488b-870e-e662263d1e78\">T\u00e9l\u00e9charger<\/a><\/div>\n\n\n\n<p><\/p>\n","protected":false},"excerpt":{"rendered":"<p>Activit\u00e9s ludiques ouvertes \u00e0 tous dans la joie et la bonne humeur !<\/p>\n","protected":false},"author":3,"featured_media":191,"parent":0,"menu_order":2,"comment_status":"closed","ping_status":"closed","template":"","meta":{"footnotes":""},"class_list":["post-63","page","type-page","status-publish","has-post-thumbnail","hentry"],"_links":{"self":[{"href":"https:\/\/parta-jeu.fr\/index.php?rest_route=\/wp\/v2\/pages\/63"}],"collection":[{"href":"https:\/\/parta-jeu.fr\/index.php?rest_route=\/wp\/v2\/pages"}],"about":[{"href":"https:\/\/parta-jeu.fr\/index.php?rest_route=\/wp\/v2\/types\/page"}],"author":[{"embeddable":true,"href":"https:\/\/parta-jeu.fr\/index.php?rest_route=\/wp\/v2\/users\/3"}],"replies":[{"embeddable":true,"href":"https:\/\/parta-jeu.fr\/index.php?rest_route=%2Fwp%2Fv2%2Fcomments&post=63"}],"version-history":[{"count":40,"href":"https:\/\/parta-jeu.fr\/index.php?rest_route=\/wp\/v2\/pages\/63\/revisions"}],"predecessor-version":[{"id":827,"href":"https:\/\/parta-jeu.fr\/index.php?rest_route=\/wp\/v2\/pages\/63\/revisions\/827"}],"wp:featuredmedia":[{"embeddable":true,"href":"https:\/\/parta-jeu.fr\/index.php?rest_route=\/wp\/v2\/media\/191"}],"wp:attachment":[{"href":"https:\/\/parta-jeu.fr\/index.php?rest_route=%2Fwp%2Fv2%2Fmedia&parent=63"}],"curies":[{"name":"wp","href":"https:\/\/api.w.org\/{rel}","templated":true}]}}